{"id":1188,"date":"2024-01-19T09:53:46","date_gmt":"2024-01-19T08:53:46","guid":{"rendered":"https:\/\/magazyn-ambasador.pl\/?page_id=1188"},"modified":"2024-01-25T16:23:17","modified_gmt":"2024-01-25T15:23:17","slug":"subscription","status":"publish","type":"page","link":"https:\/\/magazyn-ambasador.pl\/en\/subscription\/","title":{"rendered":"subscription"},"content":{"rendered":"<div class=\"wpb-content-wrapper\"><p>[vc_row full_width=&#8221;stretch_row_content&#8221; css=&#8221;.vc_custom_1705654497140{padding-top: 25px !important;background-color: #f7f7f7 !important;}&#8221;][vc_column width=&#8221;3\/12&#8243;][\/vc_column][vc_column width=&#8221;6\/12&#8243;][vc_column_text]<\/p>\n<h1 class=\"page56__title single56__title\" style=\"text-align: center;\">One-time purchase or subscription<\/h1>\n<p>[\/vc_column_text][\/vc_column][vc_column width=&#8221;3\/12&#8243;][\/vc_column][\/vc_row][vc_row full_width=&#8221;stretch_row&#8221; css=&#8221;.vc_custom_1705654490804{padding-top: 50px !important;padding-bottom: 50px !important;}&#8221;][vc_column]\n<div class=\"wpcf7 no-js\" id=\"wpcf7-f1216-o1\" lang=\"pl-PL\" dir=\"ltr\" data-wpcf7-id=\"1216\">\n<div class=\"screen-reader-response\"><p role=\"status\" aria-live=\"polite\" aria-atomic=\"true\"><\/p> <ul><\/ul><\/div>\n<form action=\"\/en\/wp-json\/wp\/v2\/pages\/1188#wpcf7-f1216-o1\" method=\"post\" class=\"wpcf7-form init\" aria-label=\"Formularz kontaktowy\" novalidate=\"novalidate\" data-status=\"init\">\n<fieldset class=\"hidden-fields-container\"><input type=\"hidden\" name=\"_wpcf7\" value=\"1216\" \/><input type=\"hidden\" name=\"_wpcf7_version\" value=\"6.1.3\" \/><input type=\"hidden\" name=\"_wpcf7_locale\" value=\"pl_PL\" \/><input type=\"hidden\" name=\"_wpcf7_unit_tag\" value=\"wpcf7-f1216-o1\" \/><input type=\"hidden\" name=\"_wpcf7_container_post\" value=\"0\" \/><input type=\"hidden\" name=\"_wpcf7_posted_data_hash\" value=\"\" \/><input type=\"hidden\" name=\"_wpcf7cf_hidden_group_fields\" value=\"[]\" \/><input type=\"hidden\" name=\"_wpcf7cf_hidden_groups\" value=\"[]\" \/><input type=\"hidden\" name=\"_wpcf7cf_visible_groups\" value=\"[]\" \/><input type=\"hidden\" name=\"_wpcf7cf_repeaters\" value=\"[]\" \/><input type=\"hidden\" name=\"_wpcf7cf_steps\" value=\"{}\" \/><input type=\"hidden\" name=\"_wpcf7cf_options\" value=\"{&quot;form_id&quot;:1216,&quot;conditions&quot;:[{&quot;then_field&quot;:&quot;group-22&quot;,&quot;and_rules&quot;:[{&quot;if_field&quot;:&quot;radio-444&quot;,&quot;operator&quot;:&quot;equals&quot;,&quot;if_value&quot;:&quot;One-time purchase&quot;}]},{&quot;then_field&quot;:&quot;group-23&quot;,&quot;and_rules&quot;:[{&quot;if_field&quot;:&quot;radio-444&quot;,&quot;operator&quot;:&quot;equals&quot;,&quot;if_value&quot;:&quot;Annual subscription&quot;}]},{&quot;then_field&quot;:&quot;group-faktura&quot;,&quot;and_rules&quot;:[{&quot;if_field&quot;:&quot;radio-881&quot;,&quot;operator&quot;:&quot;equals&quot;,&quot;if_value&quot;:&quot;Yes&quot;}]},{&quot;then_field&quot;:&quot;group-wysylka&quot;,&quot;and_rules&quot;:[{&quot;if_field&quot;:&quot;radio-434&quot;,&quot;operator&quot;:&quot;equals&quot;,&quot;if_value&quot;:&quot;Paper version \\\/ price: 40 PLN&quot;}]},{&quot;then_field&quot;:&quot;group-wysylka&quot;,&quot;and_rules&quot;:[{&quot;if_field&quot;:&quot;radio-435&quot;,&quot;operator&quot;:&quot;equals&quot;,&quot;if_value&quot;:&quot;Paper version \\\/ price: 150 PLN&quot;}]}],&quot;settings&quot;:{&quot;animation&quot;:&quot;yes&quot;,&quot;animation_intime&quot;:200,&quot;animation_outtime&quot;:200,&quot;conditions_ui&quot;:&quot;normal&quot;,&quot;notice_dismissed&quot;:false,&quot;notice_dismissed_update-cf7-5.8.6&quot;:true}}\" \/><input type=\"hidden\" name=\"_wpcf7_recaptcha_response\" value=\"\" \/>\n<\/fieldset>\n<p><label><b>Please select one of the options*:<\/b><\/label><br \/>\n<span class=\"wpcf7-form-control-wrap\" data-name=\"radio-444\"><span class=\"wpcf7-form-control wpcf7-radio\"><span class=\"wpcf7-list-item first\"><label><input type=\"radio\" name=\"radio-444\" value=\"One-time purchase\" \/><span class=\"wpcf7-list-item-label\">One-time purchase<\/span><\/label><\/span><span class=\"wpcf7-list-item last\"><label><input type=\"radio\" name=\"radio-444\" value=\"Annual subscription\" \/><span class=\"wpcf7-list-item-label\">Annual subscription<\/span><\/label><\/span><\/span><\/span>\n<\/p>\n<div data-id=\"group-22\" data-orig_data_id=\"group-22\" data-clear_on_hide class=\"\" data-class=\"wpcf7cf_group\">\n\t<p><b>Prosz\u0119 wybra\u0107 wersj\u0119 magazynu*:<\/b><br \/>\n<span class=\"wpcf7-form-control-wrap\" data-name=\"radio-434\"><span class=\"wpcf7-form-control wpcf7-radio\"><span class=\"wpcf7-list-item first\"><label><input type=\"radio\" name=\"radio-434\" value=\"Digital version \/ price: 20 PLN gross\" \/><span class=\"wpcf7-list-item-label\">Digital version \/ price: 20 PLN gross<\/span><\/label><\/span><span class=\"wpcf7-list-item last\"><label><input type=\"radio\" name=\"radio-434\" value=\"Paper version \/ price: 75 PLN gross + 10 z\u0142 shipping cost\" \/><span class=\"wpcf7-list-item-label\">Paper version \/ price: 75 PLN gross + 10 z\u0142 shipping cost<\/span><\/label><\/span><\/span><\/span>\n\t<\/p>\n\t<p><label><b>Please specify the magazine number*:<\/b><\/label><br \/>\n<span class=\"wpcf7-form-control-wrap\" data-name=\"menu-255\"><select class=\"wpcf7-form-control wpcf7-select wpcf7-validates-as-required\" aria-required=\"true\" aria-invalid=\"false\" name=\"menu-255\"><option value=\"47\">47<\/option><option value=\"48\">48<\/option><option value=\"49\">49<\/option><option value=\"50\">50<\/option><option value=\"51\">51<\/option><option value=\"Special edition\">Special edition<\/option><option value=\"52\">52<\/option><option value=\"53\">53<\/option><option value=\"54\">54<\/option><option value=\"55\">55<\/option><option value=\"56\">56<\/option><option value=\"57\">57<\/option><option value=\"58\">58<\/option><\/select><\/span>\n\t<\/p>\n<\/div>\n<div data-id=\"group-23\" data-orig_data_id=\"group-23\" data-clear_on_hide class=\"\" data-class=\"wpcf7cf_group\">\n\t<p><b>Annual subscription*:<\/b><br \/>\n<span class=\"wpcf7-form-control-wrap\" data-name=\"radio-435\"><span class=\"wpcf7-form-control wpcf7-radio\"><span class=\"wpcf7-list-item first\"><label><input type=\"radio\" name=\"radio-435\" value=\"Digital version \/ price: 95 PLN gross\" \/><span class=\"wpcf7-list-item-label\">Digital version \/ price: 95 PLN gross<\/span><\/label><\/span><span class=\"wpcf7-list-item last\"><label><input type=\"radio\" name=\"radio-435\" value=\"Paper version \/ price: 300 PLN gross + 40 z\u0142 shipping cost\" \/><span class=\"wpcf7-list-item-label\">Paper version \/ price: 300 PLN gross + 40 z\u0142 shipping cost<\/span><\/label><\/span><\/span><\/span>\n\t<\/p>\n<\/div>\n<p><label><b>Invoice:<\/b><\/label><br \/>\n<span class=\"wpcf7-form-control-wrap\" data-name=\"radio-881\"><span class=\"wpcf7-form-control wpcf7-radio\"><span class=\"wpcf7-list-item first\"><label><input type=\"radio\" name=\"radio-881\" value=\"Yes\" \/><span class=\"wpcf7-list-item-label\">Yes<\/span><\/label><\/span><span class=\"wpcf7-list-item last\"><label><input type=\"radio\" name=\"radio-881\" value=\"No\" \/><span class=\"wpcf7-list-item-label\">No<\/span><\/label><\/span><\/span><\/span>\n<\/p>\n<div data-id=\"group-faktura\" data-orig_data_id=\"group-faktura\" data-clear_on_hide class=\"\" data-class=\"wpcf7cf_group\">\n\t<p><label><b>Company name:<\/b><\/label><br \/>\n<span class=\"wpcf7-form-control-wrap\" data-name=\"company-name\"><input size=\"40\" maxlength=\"400\" class=\"wpcf7-form-control wpcf7-text\" aria-invalid=\"false\" value=\"\" type=\"text\" name=\"company-name\" \/><\/span>\n\t<\/p>\n\t<p><label><b>Enter your tax identification number*:<\/b><\/label><br \/>\n<span class=\"wpcf7-form-control-wrap\" data-name=\"nip-399\"><input class=\"wpcf7-form-control wpcf7-number wpcf7-validates-as-number\" min=\"10\" max=\"10\" aria-invalid=\"false\" value=\"\" type=\"number\" name=\"nip-399\" \/><\/span>\n\t<\/p>\n\t<p><label><b>Country*<\/b><\/label><br \/>\n<span class=\"wpcf7-form-control-wrap\" data-name=\"text-kraj-firma\"><input size=\"40\" maxlength=\"400\" class=\"wpcf7-form-control wpcf7-text wpcf7-validates-as-required\" aria-required=\"true\" aria-invalid=\"false\" value=\"\" type=\"text\" name=\"text-kraj-firma\" \/><\/span>\n\t<\/p>\n\t<p><label><b>City*<\/b><\/label><br \/>\n<span class=\"wpcf7-form-control-wrap\" data-name=\"text-miasto-firma\"><input size=\"40\" maxlength=\"400\" class=\"wpcf7-form-control wpcf7-text wpcf7-validates-as-required\" aria-required=\"true\" aria-invalid=\"false\" value=\"\" type=\"text\" name=\"text-miasto-firma\" \/><\/span>\n\t<\/p>\n\t<p><label><b>Zip code*<\/b><\/label><br \/>\n<span class=\"wpcf7-form-control-wrap\" data-name=\"text-kod-firma\"><input size=\"40\" maxlength=\"400\" class=\"wpcf7-form-control wpcf7-text wpcf7-validates-as-required\" aria-required=\"true\" aria-invalid=\"false\" value=\"\" type=\"text\" name=\"text-kod-firma\" \/><\/span>\n\t<\/p>\n\t<p><label><b>Steet name*<\/b><\/label><br \/>\n<span class=\"wpcf7-form-control-wrap\" data-name=\"text-ulica-firma\"><input size=\"40\" maxlength=\"400\" class=\"wpcf7-form-control wpcf7-text wpcf7-validates-as-required\" aria-required=\"true\" aria-invalid=\"false\" value=\"\" type=\"text\" name=\"text-ulica-firma\" \/><\/span>\n\t<\/p>\n\t<p><label><b>House \/ flat number*<\/b><\/label><br \/>\n<span class=\"wpcf7-form-control-wrap\" data-name=\"text-nr-firma\"><input size=\"40\" maxlength=\"400\" class=\"wpcf7-form-control wpcf7-text wpcf7-validates-as-required\" aria-required=\"true\" aria-invalid=\"false\" value=\"\" type=\"text\" name=\"text-nr-firma\" \/><\/span>\n\t<\/p>\n<\/div>\n<hr \/>\n<p><label><\/label>\n<\/p>\n<h3>The recipient's details\n<\/h3>\n<p><span class=\"wpcf7-form-control-wrap\" data-name=\"radio-437\"><span class=\"wpcf7-form-control wpcf7-radio\"><span class=\"wpcf7-list-item first\"><label><input type=\"radio\" name=\"radio-437\" value=\"Mr.\" \/><span class=\"wpcf7-list-item-label\">Mr.<\/span><\/label><\/span><span class=\"wpcf7-list-item last\"><label><input type=\"radio\" name=\"radio-437\" value=\"Ms.\" \/><span class=\"wpcf7-list-item-label\">Ms.<\/span><\/label><\/span><\/span><\/span>\n<\/p>\n<p><label><b>Name*:<\/b><\/label><br \/>\n<span class=\"wpcf7-form-control-wrap\" data-name=\"your-name\"><input size=\"40\" maxlength=\"400\" class=\"wpcf7-form-control wpcf7-text wpcf7-validates-as-required\" aria-required=\"true\" aria-invalid=\"false\" value=\"\" type=\"text\" name=\"your-name\" \/><\/span>\n<\/p>\n<p><label><b>Surname*:<\/b><\/label><br \/>\n<span class=\"wpcf7-form-control-wrap\" data-name=\"your-surname\"><input size=\"40\" maxlength=\"400\" class=\"wpcf7-form-control wpcf7-text wpcf7-validates-as-required\" aria-required=\"true\" aria-invalid=\"false\" value=\"\" type=\"text\" name=\"your-surname\" \/><\/span>\n<\/p>\n<p><label><b>e-mail*<\/b><\/label><br \/>\n<span class=\"wpcf7-form-control-wrap\" data-name=\"your-email\"><input size=\"40\" maxlength=\"400\" class=\"wpcf7-form-control wpcf7-email wpcf7-validates-as-required wpcf7-text wpcf7-validates-as-email\" aria-required=\"true\" aria-invalid=\"false\" value=\"\" type=\"email\" name=\"your-email\" \/><\/span>\n<\/p>\n<hr \/>\n<div data-id=\"group-wysylka\" data-orig_data_id=\"group-wysylka\"  class=\"\" data-class=\"wpcf7cf_group\">\n\t<p><label><\/label>\n\t<\/p>\n\t<h3>Shipping address\n\t<\/h3>\n\t<p><label><b>Country*<\/b><\/label><br \/>\n<span class=\"wpcf7-form-control-wrap\" data-name=\"text-kraj\"><input size=\"40\" maxlength=\"400\" class=\"wpcf7-form-control wpcf7-text wpcf7-validates-as-required\" aria-required=\"true\" aria-invalid=\"false\" value=\"\" type=\"text\" name=\"text-kraj\" \/><\/span>\n\t<\/p>\n\t<p><label><b>City*<\/b><\/label><br \/>\n<span class=\"wpcf7-form-control-wrap\" data-name=\"text-miasto\"><input size=\"40\" maxlength=\"400\" class=\"wpcf7-form-control wpcf7-text wpcf7-validates-as-required\" aria-required=\"true\" aria-invalid=\"false\" value=\"\" type=\"text\" name=\"text-miasto\" \/><\/span>\n\t<\/p>\n\t<p><label><b>Zip code*<\/b><\/label><br \/>\n<span class=\"wpcf7-form-control-wrap\" data-name=\"text-kod\"><input size=\"40\" maxlength=\"400\" class=\"wpcf7-form-control wpcf7-text wpcf7-validates-as-required\" aria-required=\"true\" aria-invalid=\"false\" value=\"\" type=\"text\" name=\"text-kod\" \/><\/span>\n\t<\/p>\n\t<p><label><b>Street name*<\/b><\/label><br \/>\n<span class=\"wpcf7-form-control-wrap\" data-name=\"text-ulica\"><input size=\"40\" maxlength=\"400\" class=\"wpcf7-form-control wpcf7-text wpcf7-validates-as-required\" aria-required=\"true\" aria-invalid=\"false\" value=\"\" type=\"text\" name=\"text-ulica\" \/><\/span>\n\t<\/p>\n\t<p><label><b>House number*<\/b><\/label><br \/>\n<span class=\"wpcf7-form-control-wrap\" data-name=\"text-nr\"><input size=\"40\" maxlength=\"400\" class=\"wpcf7-form-control wpcf7-text wpcf7-validates-as-required\" aria-required=\"true\" aria-invalid=\"false\" value=\"\" type=\"text\" name=\"text-nr\" \/><\/span>\n\t<\/p>\n\t<p><label><b>Apartment number<\/b><\/label><br \/>\n<span class=\"wpcf7-form-control-wrap\" data-name=\"text-nr-mieszkanie\"><input size=\"40\" maxlength=\"400\" class=\"wpcf7-form-control wpcf7-text\" aria-invalid=\"false\" value=\"\" type=\"text\" name=\"text-nr-mieszkanie\" \/><\/span>\n\t<\/p>\n<\/div>\n<p><span class=\"wpcf7-form-control-wrap\" data-name=\"acceptance-628\"><span class=\"wpcf7-form-control wpcf7-acceptance\"><span class=\"wpcf7-list-item\"><label><input type=\"checkbox\" name=\"acceptance-628\" value=\"1\" aria-invalid=\"false\" \/><span class=\"wpcf7-list-item-label\"><span class=\"klauzula\"><b>I consent to the processing of data.* Information clause 1. The administrator of your personal data is the Publisher of the Ambasador magazine, PRIME Agency 2. In matters related to the processing of personal data, please contact the Administrator at the following e-mail address: redakcja@magazyn-ambasador.pl 3 Your personal data are processed for the purpose of establishing and conducting correspondence (Article 6(1)(f) of the GDPR). 4. Your personal data will be processed for the period necessary to prepare and conduct communication, but no longer than within the deadlines resulting from generally applicable legal provisions. 6. You have the right to request: access to your personal data, rectification, deletion, limitation of processing, data transfer as well as the right to object. 7. Providing personal data is voluntary, although failure to do so will result in the inability to contact and purchase the warehouse.<\/span><\/span><\/label><\/span><\/span><\/span>\n<\/p>\n<p><span class=\"klauzula2\">*Required fields<\/span><br \/>\n<input class=\"wpcf7-form-control wpcf7-submit has-spinner\" type=\"submit\" value=\"Send\" \/>\n<\/p><div class=\"wpcf7-response-output\" aria-hidden=\"true\"><\/div>\n<\/form>\n<\/div>\n[\/vc_column][\/vc_row]<\/p>\n<\/div>","protected":false},"excerpt":{"rendered":"<p>[vc_row full_width=&#8221;stretch_row_content&#8221; css=&#8221;.vc_custom_1705654497140{padding-top: 25px !important;background-color: #f7f7f7 !important;}&#8221;][vc_column width=&#8221;3\/12&#8243;][\/vc_column][vc_column width=&#8221;6\/12&#8243;][vc_column_text] One-time purchase or subscription [\/vc_column_text][\/vc_column][vc_column width=&#8221;3\/12&#8243;][\/vc_column][\/vc_row][vc_row full_width=&#8221;stretch_row&#8221; css=&#8221;.vc_custom_1705654490804{padding-top: 50px !important;padding-bottom: 50px !important;}&#8221;][vc_column][\/vc_column][\/vc_row]<\/p>\n","protected":false},"author":1,"featured_media":0,"parent":0,"menu_order":0,"comment_status":"closed","ping_status":"closed","template":"","meta":{"inline_featured_image":false,"footnotes":""},"class_list":["post-1188","page","type-page","status-publish","hentry"],"_links":{"self":[{"href":"https:\/\/magazyn-ambasador.pl\/en\/wp-json\/wp\/v2\/pages\/1188","targetHints":{"allow":["GET"]}}],"collection":[{"href":"https:\/\/magazyn-ambasador.pl\/en\/wp-json\/wp\/v2\/pages"}],"about":[{"href":"https:\/\/magazyn-ambasador.pl\/en\/wp-json\/wp\/v2\/types\/page"}],"author":[{"embeddable":true,"href":"https:\/\/magazyn-ambasador.pl\/en\/wp-json\/wp\/v2\/users\/1"}],"replies":[{"embeddable":true,"href":"https:\/\/magazyn-ambasador.pl\/en\/wp-json\/wp\/v2\/comments?post=1188"}],"version-history":[{"count":4,"href":"https:\/\/magazyn-ambasador.pl\/en\/wp-json\/wp\/v2\/pages\/1188\/revisions"}],"predecessor-version":[{"id":1219,"href":"https:\/\/magazyn-ambasador.pl\/en\/wp-json\/wp\/v2\/pages\/1188\/revisions\/1219"}],"wp:attachment":[{"href":"https:\/\/magazyn-ambasador.pl\/en\/wp-json\/wp\/v2\/media?parent=1188"}],"curies":[{"name":"wp","href":"https:\/\/api.w.org\/{rel}","templated":true}]}}